{"id":880,"date":"2025-10-20T15:37:08","date_gmt":"2025-10-20T13:37:08","guid":{"rendered":"https:\/\/fiches-especes.simonpotier.fr\/?page_id=880"},"modified":"2026-03-20T14:59:06","modified_gmt":"2026-03-20T13:59:06","slug":"fiche-especes-test","status":"publish","type":"page","link":"https:\/\/spes.anivise.fr\/","title":{"rendered":"Fiches SPES"},"content":{"rendered":"<div class=\"pmpro\"><div class=\"pmpro_card pmpro_content_message\"><h2 class=\"pmpro_card_title pmpro_font-large\"><svg xmlns=\"http:\/\/www.w3.org\/2000\/svg\" width=\"24\" height=\"24\" viewBox=\"0 0 24 24\" fill=\"none\" stroke=\"var(--pmpro--color--accent)\" stroke-width=\"2\" stroke-linecap=\"round\" stroke-linejoin=\"round\" class=\"feather feather-lock\"><rect x=\"3\" y=\"11\" width=\"18\" height=\"11\" rx=\"2\" ry=\"2\"><\/rect><path d=\"M7 11V7a5 5 0 0 1 10 0v4\"><\/path><\/svg>Niveau Premium SPES exig\u00e9<\/h2><div class=\"pmpro_card_content\"><p>Vous devez \u00eatre un membre Premium SPES pour avoir acc\u00e8s \u00e0 ce site. Contactez moi \u00e0 contact@simonpotier.fr<\/p><p><a class=\"pmpro_btn\" href=\"https:\/\/spes.anivise.fr\/index.php\/paiement-dadhesion\/?pmpro_level=2\">S\u2019inscrire maintenant<\/a><\/p><\/div><div class=\"pmpro_card_actions pmpro_font-medium\">D\u00e9j\u00e0 membre ? <a href=\"https:\/\/spes.anivise.fr\/index.php\/login\/?redirect_to=https%3A%2F%2Fspes.anivise.fr%2F\">Connectez-vous ici<\/a><\/div><\/div><\/div>","protected":false},"excerpt":{"rendered":"<div class=\"pmpro\"><div class=\"pmpro_card pmpro_content_message\"><h2 class=\"pmpro_card_title pmpro_font-large\"><svg xmlns=\"http:\/\/www.w3.org\/2000\/svg\" width=\"24\" height=\"24\" viewBox=\"0 0 24 24\" fill=\"none\" stroke=\"var(--pmpro--color--accent)\" stroke-width=\"2\" stroke-linecap=\"round\" stroke-linejoin=\"round\" class=\"feather feather-lock\"><rect x=\"3\" y=\"11\" width=\"18\" height=\"11\" rx=\"2\" ry=\"2\"><\/rect><path d=\"M7 11V7a5 5 0 0 1 10 0v4\"><\/path><\/svg>Niveau Premium SPES exig\u00e9<\/h2><div class=\"pmpro_card_content\"><p>Vous devez \u00eatre un membre Premium SPES pour avoir acc\u00e8s \u00e0 ce site. Contactez moi \u00e0 contact@simonpotier.fr<\/p><p><a class=\"pmpro_btn\" href=\"https:\/\/spes.anivise.fr\/index.php\/paiement-dadhesion\/?pmpro_level=2\">S\u2019inscrire maintenant<\/a><\/p><\/div><div class=\"pmpro_card_actions pmpro_font-medium\">D\u00e9j\u00e0 membre ? <a href=\"https:\/\/spes.anivise.fr\/index.php\/login\/?redirect_to=https%3A%2F%2Fspes.anivise.fr%2F\">Connectez-vous ici<\/a><\/div><\/div><\/div>","protected":false},"author":1,"featured_media":0,"parent":0,"menu_order":0,"comment_status":"closed","ping_status":"closed","template":"","meta":{"pmpro_default_level":"","footnotes":""},"class_list":["post-880","page","type-page","status-publish","hentry","pmpro-level-required","pmpro-level-2","pmpro-no-access"],"_links":{"self":[{"href":"https:\/\/spes.anivise.fr\/index.php\/wp-json\/wp\/v2\/pages\/880","targetHints":{"allow":["GET"]}}],"collection":[{"href":"https:\/\/spes.anivise.fr\/index.php\/wp-json\/wp\/v2\/pages"}],"about":[{"href":"https:\/\/spes.anivise.fr\/index.php\/wp-json\/wp\/v2\/types\/page"}],"author":[{"embeddable":true,"href":"https:\/\/spes.anivise.fr\/index.php\/wp-json\/wp\/v2\/users\/1"}],"replies":[{"embeddable":true,"href":"https:\/\/spes.anivise.fr\/index.php\/wp-json\/wp\/v2\/comments?post=880"}],"version-history":[{"count":773,"href":"https:\/\/spes.anivise.fr\/index.php\/wp-json\/wp\/v2\/pages\/880\/revisions"}],"predecessor-version":[{"id":1857,"href":"https:\/\/spes.anivise.fr\/index.php\/wp-json\/wp\/v2\/pages\/880\/revisions\/1857"}],"wp:attachment":[{"href":"https:\/\/spes.anivise.fr\/index.php\/wp-json\/wp\/v2\/media?parent=880"}],"curies":[{"name":"wp","href":"https:\/\/api.w.org\/{rel}","templated":true}]}}