{"id":36,"date":"2025-10-20T14:24:34","date_gmt":"2025-10-20T12:24:34","guid":{"rendered":"https:\/\/fiches-especes.simonpotier.fr\/?page_id=36"},"modified":"2026-01-03T10:04:51","modified_gmt":"2026-01-03T09:04:51","slug":"conditions-legales","status":"publish","type":"page","link":"https:\/\/spes.anivise.fr\/index.php\/conditions-legales\/","title":{"rendered":"Mentions l\u00e9gales et conditions d&rsquo;utilisation"},"content":{"rendered":"<h3 data-start=\"351\" data-end=\"374\">Mentions l\u00e9gales<\/h3>\n<p data-start=\"376\" data-end=\"658\"><strong data-start=\"376\" data-end=\"395\">\u00c9diteur du site<\/strong><br data-start=\"431\" data-end=\"434\" \/>Responsable de la publication : <em data-start=\"466\" data-end=\"487\">Simon Potier<\/em><br data-start=\"487\" data-end=\"490\" \/>Email de contact : <i>contact@simonpotier.fr<\/i><\/p>\n<p data-start=\"376\" data-end=\"658\"><i>\u00a0<\/i><\/p>\n<h3 data-start=\"665\" data-end=\"696\">Conditions d&rsquo;utilisation<\/h3>\n<p data-start=\"698\" data-end=\"823\">L&rsquo;utilisation de ce site implique l&rsquo;acceptation pleine et enti\u00e8re des conditions g\u00e9n\u00e9rales d\u2019utilisation d\u00e9crites ci-dessous.<\/p>\n<h4 data-start=\"825\" data-end=\"850\">1. <strong data-start=\"833\" data-end=\"850\">Objet du site<\/strong><\/h4>\n<p data-start=\"851\" data-end=\"1161\">Ce site propose une <strong data-start=\"871\" data-end=\"956\">interface d\u2019exploration et de visualisation de donn\u00e9es \u00e9cologiques et biologiques<\/strong> portant sur diff\u00e9rentes esp\u00e8ces animales.<br data-start=\"998\" data-end=\"1001\" \/>Les donn\u00e9es sont compil\u00e9es \u00e0 partir de <strong data-start=\"1040\" data-end=\"1087\">sources scientifiques ouvertes et publiques<\/strong>, et restitu\u00e9es sous forme de tableaux, graphiques et fiches informatives.<\/p>\n<h4 data-start=\"1163\" data-end=\"1191\">2. <strong data-start=\"1171\" data-end=\"1191\">Acc\u00e8s au service<\/strong><\/h4>\n<p data-start=\"1192\" data-end=\"1444\">Certaines fonctionnalit\u00e9s sont accessibles gratuitement.<br data-start=\"1248\" data-end=\"1251\" \/>D&rsquo;autres peuvent \u00eatre r\u00e9serv\u00e9es aux utilisateurs disposant d\u2019un abonnement payant, donnant acc\u00e8s \u00e0 une exp\u00e9rience enrichie.<\/p>\n<h4 data-start=\"1446\" data-end=\"1476\">3. <strong data-start=\"1454\" data-end=\"1476\">Nature des donn\u00e9es<\/strong><\/h4>\n<p data-start=\"1477\" data-end=\"1547\">Les donn\u00e9es utilis\u00e9es sont issues de <strong data-start=\"1514\" data-end=\"1534\">sources ouvertes<\/strong> telles que :<\/p>\n<p data-start=\"1477\" data-end=\"1547\"><strong data-start=\"811\" data-end=\"821\">AVONET<\/strong> \u2013 A global database of bird traits (Tobias et al., 2021) : Tobias, J. A., Sheard, C., Pigot, A. L., Devenish, A. J., Yang, J., Sayol, F., &#8230; &amp; Schleuning, M. (2022). AVONET: morphological, ecological and geographical data for all birds. <i style=\"color: #222222; font-family: Arial, sans-serif; font-size: 13px; background-color: #ffffff;\">Ecology letters<\/i>,\u00a0<i style=\"color: #222222; font-family: Arial, sans-serif; font-size: 13px; background-color: #ffffff;\">25<\/i>(3), 581-597.<\/p>\n<p data-start=\"1477\" data-end=\"1547\"><b>BIRDBASE <\/b>\u2013 BIRDBASE: A global dataset of avian biogeography, conservation, ecology and life history traits (\u015eekercio\u011flu et al., 2025) : \u015eekercio\u011flu, \u00c7. H., Kittelberger, K. D., Mota, F. M., Buxton, A. N., Orton, N., DeNiro, A., &#8230; &amp; Neate-Clegg, M. H. (2025). BIRDBASE: A global dataset of avian biogeography, conservation, ecology and life history traits.\u00a0<i><strong>Scientific<\/strong> <strong>Data<\/strong><\/i>,\u00a0<strong><i>12<\/i><\/strong>(1), 1558.<\/p>\n<p data-start=\"1477\" data-end=\"1547\"><strong data-start=\"889\" data-end=\"904\">EltonTraits<\/strong> \u2013 Ecological trait data for birds and mammals (<a target=\"_new\" rel=\"noopener\" data-start=\"952\" data-end=\"1004\">Wilman et al., 2014<\/a>) :\u00a0Wilman, H., Belmaker, J., Simpson, J., De La Rosa, C., Rivadeneira, M. M., &amp; Jetz, W. (2014). EltonTraits 1.0: Species\u2010level foraging attributes of the world&rsquo;s birds and mammals: Ecological Archives E095\u2010178.\u00a0<i style=\"color: #222222; font-family: Arial, sans-serif; font-size: 13px; background-color: #ffffff;\">Ecology<\/i>,\u00a0<i style=\"color: #222222; font-family: Arial, sans-serif; font-size: 13px; background-color: #ffffff;\">95<\/i>(7), 2027-2027.<\/p>\n<p data-start=\"1477\" data-end=\"1547\"><strong data-start=\"889\" data-end=\"904\">AnAge Database<\/strong> \u2013 Human Ageing Genomic Resources <a target=\"_new\" rel=\"noopener\" data-start=\"2130\" data-end=\"2216\">https:\/\/genomics.senescence.info\/species\/<\/a><\/p>\n<p data-start=\"1477\" data-end=\"1547\"><strong data-start=\"1010\" data-end=\"1036\">BirdLife International<\/strong><\/p>\n<p data-start=\"1477\" data-end=\"1547\"><strong data-start=\"1039\" data-end=\"1056\">IUCN Red List<\/strong><\/p>\n<p data-start=\"1477\" data-end=\"1547\"><strong data-start=\"1059\" data-end=\"1072\">Wikipedia<\/strong> (via API pour les noms et images)<\/p>\n<p data-start=\"1108\" data-end=\"1334\">Ces donn\u00e9es sont <strong data-start=\"1125\" data-end=\"1165\">structur\u00e9es, filtr\u00e9es et visualis\u00e9es<\/strong> via une interface personnalis\u00e9e. Elles ne sont <strong data-start=\"1213\" data-end=\"1257\">pas revendues en tant que fichiers bruts<\/strong>, et les droits de leurs auteurs sont respect\u00e9s selon les licences pr\u00e9cis\u00e9es.<\/p>\n<p data-start=\"1739\" data-end=\"1936\">Les donn\u00e9es sont affich\u00e9es <strong data-start=\"1766\" data-end=\"1788\">\u00e0 titre informatif<\/strong>. L\u2019utilisation de certaines donn\u00e9es sp\u00e9cifiques, notamment celles issues de la <strong data-start=\"2552\" data-end=\"2566\">base AnAge<\/strong>, peut \u00eatre soumise \u00e0 des conditions d\u2019utilisation particuli\u00e8res. Nous avons pris contact avec les responsables de la base pour nous assurer de la conformit\u00e9 avec leur politique de licence.Bien que nous mettions tout en \u0153uvre pour leur exactitude, aucune garantie n\u2019est donn\u00e9e sur leur exhaustivit\u00e9 ou leur mise \u00e0 jour en temps r\u00e9el.<\/p>\n<h4 data-start=\"1938\" data-end=\"1993\">4. <strong data-start=\"1946\" data-end=\"1993\">Droits d\u2019auteur et propri\u00e9t\u00e9 intellectuelle<\/strong><\/h4>\n<p data-start=\"1994\" data-end=\"2282\">L\u2019interface du site, le design, le code, les fonctionnalit\u00e9s et la structuration des donn\u00e9es sont la <strong data-start=\"2095\" data-end=\"2139\">propri\u00e9t\u00e9 exclusive de l\u2019\u00e9diteur du site<\/strong>.<br data-start=\"2140\" data-end=\"2143\" \/>Les donn\u00e9es d\u2019origine restent la propri\u00e9t\u00e9 de leurs auteurs respectifs. Toute utilisation non autoris\u00e9e des contenus du site est interdite.<\/p>\n<h4 data-start=\"2284\" data-end=\"2319\">5. <strong data-start=\"2292\" data-end=\"2319\">Utilisation commerciale<\/strong><\/h4>\n<p data-start=\"2320\" data-end=\"2576\">Le site ne revend pas les donn\u00e9es brutes.<br data-start=\"2361\" data-end=\"2364\" \/>L\u2019abonnement permet uniquement l&rsquo;acc\u00e8s \u00e0 une <strong data-start=\"2409\" data-end=\"2431\">interface enrichie<\/strong>, offrant une plus-value sur la pr\u00e9sentation, la recherche et la visualisation des donn\u00e9es.<br data-start=\"2522\" data-end=\"2525\" \/>Les sources sont cit\u00e9es et les licences respect\u00e9es.<\/p>\n<h4 data-start=\"2578\" data-end=\"2622\">6. <strong data-start=\"2586\" data-end=\"2622\">Collecte de donn\u00e9es personnelles<\/strong><\/h4>\n<p data-start=\"2623\" data-end=\"2840\">Aucune donn\u00e9e personnelle n\u2019est collect\u00e9e sans consentement explicite.<br data-start=\"2693\" data-end=\"2696\" \/>Si un formulaire est utilis\u00e9 (abonnement, contact&#8230;), les donn\u00e9es sont trait\u00e9es de mani\u00e8re confidentielle et ne sont jamais c\u00e9d\u00e9es \u00e0 des tiers.<\/p>\n<h4 data-start=\"2842\" data-end=\"2861\">7. <strong data-start=\"2850\" data-end=\"2861\">Cookies<\/strong><\/h4>\n<p data-start=\"2862\" data-end=\"3060\">Le site peut utiliser des cookies uniquement \u00e0 des fins de navigation ou de mesure d\u2019audience.<br data-start=\"2980\" data-end=\"2983\" \/>Vous pouvez d\u00e9sactiver les cookies depuis les param\u00e8tres de votre navigateur.<\/p>\n<h4 data-start=\"3062\" data-end=\"3088\">8. <strong data-start=\"3070\" data-end=\"3088\">Responsabilit\u00e9<\/strong><\/h4>\n<p data-start=\"3089\" data-end=\"3217\">L\u2019\u00e9diteur ne pourra \u00eatre tenu responsable d\u2019un dommage li\u00e9 \u00e0 l\u2019utilisation du site, ou \u00e0 l\u2019interpr\u00e9tation des donn\u00e9es affich\u00e9es.<\/p>\n<h4 data-start=\"3219\" data-end=\"3258\">9. <strong data-start=\"3227\" data-end=\"3258\">Modification des conditions<\/strong><\/h4>\n<p data-start=\"3259\" data-end=\"3362\">Ces conditions peuvent \u00eatre modifi\u00e9es \u00e0 tout moment.<br data-start=\"3311\" data-end=\"3314\" \/>Il est conseill\u00e9 de les consulter r\u00e9guli\u00e8rement.<\/p>\n","protected":false},"excerpt":{"rendered":"<p>Mentions l\u00e9gales \u00c9diteur du siteResponsable de la publication : Simon PotierEmail de contact : contact@simonpotier.fr \u00a0 Conditions d&rsquo;utilisation L&rsquo;utilisation de ce site implique l&rsquo;acceptation pleine et enti\u00e8re des conditions g\u00e9n\u00e9rales d\u2019utilisation d\u00e9crites ci-dessous. 1. Objet du site Ce site propose une interface d\u2019exploration et de&#8230;<\/p>\n","protected":false},"author":1,"featured_media":0,"parent":0,"menu_order":0,"comment_status":"closed","ping_status":"closed","template":"","meta":{"pmpro_default_level":"","footnotes":""},"class_list":["post-36","page","type-page","status-publish","hentry","pmpro-has-access"],"_links":{"self":[{"href":"https:\/\/spes.anivise.fr\/index.php\/wp-json\/wp\/v2\/pages\/36","targetHints":{"allow":["GET"]}}],"collection":[{"href":"https:\/\/spes.anivise.fr\/index.php\/wp-json\/wp\/v2\/pages"}],"about":[{"href":"https:\/\/spes.anivise.fr\/index.php\/wp-json\/wp\/v2\/types\/page"}],"author":[{"embeddable":true,"href":"https:\/\/spes.anivise.fr\/index.php\/wp-json\/wp\/v2\/users\/1"}],"replies":[{"embeddable":true,"href":"https:\/\/spes.anivise.fr\/index.php\/wp-json\/wp\/v2\/comments?post=36"}],"version-history":[{"count":7,"href":"https:\/\/spes.anivise.fr\/index.php\/wp-json\/wp\/v2\/pages\/36\/revisions"}],"predecessor-version":[{"id":1566,"href":"https:\/\/spes.anivise.fr\/index.php\/wp-json\/wp\/v2\/pages\/36\/revisions\/1566"}],"wp:attachment":[{"href":"https:\/\/spes.anivise.fr\/index.php\/wp-json\/wp\/v2\/media?parent=36"}],"curies":[{"name":"wp","href":"https:\/\/api.w.org\/{rel}","templated":true}]}}