{"id":1753,"date":"2026-02-17T16:26:08","date_gmt":"2026-02-17T15:26:08","guid":{"rendered":"https:\/\/fiches-especes.simonpotier.fr\/?page_id=1753"},"modified":"2026-03-15T09:05:12","modified_gmt":"2026-03-15T08:05:12","slug":"fiches-spes-demo","status":"publish","type":"page","link":"https:\/\/spes.anivise.fr\/index.php\/fiches-spes-demo\/","title":{"rendered":"Fiches SPES &#8211; D\u00e9mo"},"content":{"rendered":"<div class=\"pmpro\"><div class=\"pmpro_card pmpro_content_message\"><h2 class=\"pmpro_card_title pmpro_font-large\"><svg xmlns=\"http:\/\/www.w3.org\/2000\/svg\" width=\"24\" height=\"24\" viewBox=\"0 0 24 24\" fill=\"none\" stroke=\"var(--pmpro--color--accent)\" stroke-width=\"2\" stroke-linecap=\"round\" stroke-linejoin=\"round\" class=\"feather feather-lock\"><rect x=\"3\" y=\"11\" width=\"18\" height=\"11\" rx=\"2\" ry=\"2\"><\/rect><path d=\"M7 11V7a5 5 0 0 1 10 0v4\"><\/path><\/svg>Niveau Freemium exig\u00e9<\/h2><div class=\"pmpro_card_content\"><p>Vous devez \u00eatre un membre Freemium pour avoir acc\u00e8s \u00e0 ce site. Contactez moi \u00e0 contact@simonpotier.fr<\/p><p><a class=\"pmpro_btn\" href=\"https:\/\/spes.anivise.fr\/index.php\/paiement-dadhesion\/?pmpro_level=1\">S\u2019inscrire maintenant<\/a><\/p><\/div><div class=\"pmpro_card_actions pmpro_font-medium\">D\u00e9j\u00e0 membre ? <a href=\"https:\/\/spes.anivise.fr\/index.php\/login\/?redirect_to=https%3A%2F%2Fspes.anivise.fr%2Findex.php%2Ffiches-spes-demo%2F\">Connectez-vous ici<\/a><\/div><\/div><\/div>","protected":false},"excerpt":{"rendered":"<div class=\"pmpro\"><div class=\"pmpro_card pmpro_content_message\"><h2 class=\"pmpro_card_title pmpro_font-large\"><svg xmlns=\"http:\/\/www.w3.org\/2000\/svg\" width=\"24\" height=\"24\" viewBox=\"0 0 24 24\" fill=\"none\" stroke=\"var(--pmpro--color--accent)\" stroke-width=\"2\" stroke-linecap=\"round\" stroke-linejoin=\"round\" class=\"feather feather-lock\"><rect x=\"3\" y=\"11\" width=\"18\" height=\"11\" rx=\"2\" ry=\"2\"><\/rect><path d=\"M7 11V7a5 5 0 0 1 10 0v4\"><\/path><\/svg>Niveau Freemium exig\u00e9<\/h2><div class=\"pmpro_card_content\"><p>Vous devez \u00eatre un membre Freemium pour avoir acc\u00e8s \u00e0 ce site. Contactez moi \u00e0 contact@simonpotier.fr<\/p><p><a class=\"pmpro_btn\" href=\"https:\/\/spes.anivise.fr\/index.php\/paiement-dadhesion\/?pmpro_level=1\">S\u2019inscrire maintenant<\/a><\/p><\/div><div class=\"pmpro_card_actions pmpro_font-medium\">D\u00e9j\u00e0 membre ? <a href=\"https:\/\/spes.anivise.fr\/index.php\/login\/?redirect_to=https%3A%2F%2Fspes.anivise.fr%2Findex.php%2Ffiches-spes-demo%2F\">Connectez-vous ici<\/a><\/div><\/div><\/div>","protected":false},"author":1,"featured_media":0,"parent":0,"menu_order":0,"comment_status":"closed","ping_status":"closed","template":"","meta":{"pmpro_default_level":"","footnotes":""},"class_list":["post-1753","page","type-page","status-publish","hentry","pmpro-level-required","pmpro-level-1","pmpro-no-access"],"_links":{"self":[{"href":"https:\/\/spes.anivise.fr\/index.php\/wp-json\/wp\/v2\/pages\/1753","targetHints":{"allow":["GET"]}}],"collection":[{"href":"https:\/\/spes.anivise.fr\/index.php\/wp-json\/wp\/v2\/pages"}],"about":[{"href":"https:\/\/spes.anivise.fr\/index.php\/wp-json\/wp\/v2\/types\/page"}],"author":[{"embeddable":true,"href":"https:\/\/spes.anivise.fr\/index.php\/wp-json\/wp\/v2\/users\/1"}],"replies":[{"embeddable":true,"href":"https:\/\/spes.anivise.fr\/index.php\/wp-json\/wp\/v2\/comments?post=1753"}],"version-history":[{"count":4,"href":"https:\/\/spes.anivise.fr\/index.php\/wp-json\/wp\/v2\/pages\/1753\/revisions"}],"predecessor-version":[{"id":1823,"href":"https:\/\/spes.anivise.fr\/index.php\/wp-json\/wp\/v2\/pages\/1753\/revisions\/1823"}],"wp:attachment":[{"href":"https:\/\/spes.anivise.fr\/index.php\/wp-json\/wp\/v2\/media?parent=1753"}],"curies":[{"name":"wp","href":"https:\/\/api.w.org\/{rel}","templated":true}]}}